{"id":2,"date":"2021-07-06T12:10:22","date_gmt":"2021-07-06T10:10:22","guid":{"rendered":"https:\/\/shop.foodtoursstockholm.se\/?page_id=2"},"modified":"2023-12-05T10:17:16","modified_gmt":"2023-12-05T09:17:16","slug":"presentkort","status":"publish","type":"page","link":"https:\/\/shop.foodtoursstockholm.se\/en\/","title":{"rendered":"Gift Card"},"content":{"rendered":"<div class=\"wp-block-columns alignwide is-layout-flex wp-container-core-columns-is-layout-9d6595d7 wp-block-columns-is-layout-flex\">\n<div class=\"wp-block-column is-layout-flow wp-block-column-is-layout-flow\">\n<h2 class=\"wp-block-heading\">A truly delicious gift card!<\/h2>\n\n\n\n<p>A gift card for a food walk with Food Tours Stockholm is a fantastic experience-gift. An excellent birthday-gift to whom who already has it all, the wedding couple, to mother and father, to friends that will visit Stockholm - yeah, the list goes on...<\/p>\n\n\n\n<p>Vi skickar presentkortet inom 24 timmar. Det levereras i en presentf\u00f6rpackning, hem till din brevl\u00e5da, eller digitalt via e-post. Du v\u00e4ljer hur du vill ha leveransen. Bor du i Stockholm och vill ha presentkortet \u00e4nnu snabbare, s\u00e5 kan du \u00e4ven v\u00e4lja att h\u00e4mta upp det p\u00e5 v\u00e5rt kontor p\u00e5 H\u00f6galidsgatan 36 B (m\u00e5n &#8211; fre, 9- 17). Vid enstaka tillf\u00e4llen \u00e4r vi alla ute p\u00e5 food tours. Kontakta oss d\u00e4rf\u00f6r g\u00e4rna innan du bes\u00f6ker oss f\u00f6r att inte riskera att kontoret \u00e4r obemannat. V\u00e4rdet p\u00e5 presentkort som k\u00f6pts f\u00f6r en matvandring h\u00f6js automatiskt om priset p\u00e5 en matvandring skulle h\u00f6jas. Ett k\u00f6pt presentkort kan ej \u00e5terl\u00f6sas mot kontanter eller liknande.<\/p>\n\n\n\n<p>Welcome to order!<\/p>\n<\/div>\n<\/div>\n\n\n\n<div class=\"wp-block-columns alignwide is-layout-flex wp-container-core-columns-is-layout-9d6595d7 wp-block-columns-is-layout-flex\">\n<div class=\"wp-block-column is-layout-flow wp-block-column-is-layout-flow\"><div class=\"woocommerce columns-3\"><ul class=\"products columns-3\">\n<li class=\"product type-product post-1539 status-publish first instock product_cat-presentkort has-post-thumbnail taxable shipping-taxable purchasable product-type-simple\">\n\t<\/li>\n<li class=\"product type-product post-72 status-publish instock product_cat-presentkort has-post-thumbnail taxable shipping-taxable purchasable product-type-simple\">\n\t<\/li>\n<li class=\"product type-product post-1540 status-publish last instock product_cat-presentkort has-post-thumbnail taxable shipping-taxable purchasable product-type-simple\">\n\t<\/li>\n<li class=\"product type-product post-71 status-publish first instock product_cat-presentkort has-post-thumbnail taxable shipping-taxable purchasable product-type-simple\">\n\t<\/li>\n<li class=\"product type-product post-73 status-publish instock product_cat-presentkort has-post-thumbnail taxable shipping-taxable purchasable product-type-simple\">\n\t<\/li>\n<\/ul>\n<\/div>\n\n\n\n<p><\/p>\n<\/div>\n<\/div>\n\n\n\n<p><\/p>","protected":false},"excerpt":{"rendered":"<p>Ett riktigt gott presentkort Ett presentkort p\u00e5 en matvandring med Food Tours Stockholm \u00e4r en fantastisk upplevelsepresent. En utm\u00e4rkt g\u00e5va till den som fyller \u00e5r och redan har allt, till br\u00f6llopsparet, till mamma och pappa, till v\u00e4nnerna som skall bes\u00f6ka Stockholm &#8211; ja, listan kan g\u00f6ras l\u00e5ng. Vi skickar presentkortet inom 24 timmar. Det levereras [&hellip;]<\/p>","protected":false},"author":1,"featured_media":0,"parent":0,"menu_order":0,"comment_status":"closed","ping_status":"closed","template":"","meta":{"footnotes":""},"class_list":["post-2","page","type-page","status-publish","hentry"],"_links":{"self":[{"href":"https:\/\/shop.foodtoursstockholm.se\/en\/wp-json\/wp\/v2\/pages\/2","targetHints":{"allow":["GET"]}}],"collection":[{"href":"https:\/\/shop.foodtoursstockholm.se\/en\/wp-json\/wp\/v2\/pages"}],"about":[{"href":"https:\/\/shop.foodtoursstockholm.se\/en\/wp-json\/wp\/v2\/types\/page"}],"author":[{"embeddable":true,"href":"https:\/\/shop.foodtoursstockholm.se\/en\/wp-json\/wp\/v2\/users\/1"}],"replies":[{"embeddable":true,"href":"https:\/\/shop.foodtoursstockholm.se\/en\/wp-json\/wp\/v2\/comments?post=2"}],"version-history":[{"count":23,"href":"https:\/\/shop.foodtoursstockholm.se\/en\/wp-json\/wp\/v2\/pages\/2\/revisions"}],"predecessor-version":[{"id":1107,"href":"https:\/\/shop.foodtoursstockholm.se\/en\/wp-json\/wp\/v2\/pages\/2\/revisions\/1107"}],"wp:attachment":[{"href":"https:\/\/shop.foodtoursstockholm.se\/en\/wp-json\/wp\/v2\/media?parent=2"}],"curies":[{"name":"wp","href":"https:\/\/api.w.org\/{rel}","templated":true}]}}