{"id":72,"date":"2021-07-06T14:49:24","date_gmt":"2021-07-06T12:49:24","guid":{"rendered":"https:\/\/shop.foodtoursstockholm.se\/?post_type=product&#038;p=72"},"modified":"2025-02-17T10:04:41","modified_gmt":"2025-02-17T09:04:41","slug":"presentkort-for-2-personer","status":"publish","type":"product","link":"https:\/\/shop.foodtoursstockholm.se\/en\/product\/presentkort-for-2-personer\/","title":{"rendered":"Gift card for 2 persons <br> Giltig tom 2029-01-01 <br><br> G\u00e4ller alla dagar i veckan och \u00e4r v\u00e4rdes\u00e4krat f\u00f6r <br>eventuella framtida prish\u00f6jningar."},"content":{"rendered":"<p>Vi skickar presentkortet inom 24 timmar. Det levereras i en presentf\u00f6rpackning, hem till din brevl\u00e5da, eller digitalt via e-post. Du v\u00e4ljer hur du vill ha leveransen. Bor du i Stockholm och vill ha presentkortet \u00e4nnu snabbare, s\u00e5 kan du \u00e4ven v\u00e4lja att h\u00e4mta upp det p\u00e5 v\u00e5rt kontor p\u00e5 H\u00f6galidsgatan 36 B (m\u00e5n &#8211; fre, 9- 17). Vid enstaka tillf\u00e4llen \u00e4r vi alla ute p\u00e5 food tours. Kontakta oss d\u00e4rf\u00f6r g\u00e4rna innan du bes\u00f6ker oss f\u00f6r att inte riskera att kontoret \u00e4r obemannat.<\/p>\n<p>Welcome to order!<\/p>","protected":false},"excerpt":{"rendered":"<p>G\u00e4ller alla dagar i veckan och \u00e4r v\u00e4rdes\u00e4krat f\u00f6r eventuella framtida prish\u00f6jningar. Om vi h\u00f6jer priset f\u00f6r turerna, s\u00e5 kommer \u00e4ven v\u00e4rdet p\u00e5 presentkortet h\u00f6jas. <\/p>","protected":false},"featured_media":223,"template":"","meta":[],"product_cat":[16],"product_tag":[],"class_list":["post-72","product","type-product","status-publish","has-post-thumbnail","hentry","product_cat-presentkort"],"_links":{"self":[{"href":"https:\/\/shop.foodtoursstockholm.se\/en\/wp-json\/wp\/v2\/product\/72","targetHints":{"allow":["GET"]}}],"collection":[{"href":"https:\/\/shop.foodtoursstockholm.se\/en\/wp-json\/wp\/v2\/product"}],"about":[{"href":"https:\/\/shop.foodtoursstockholm.se\/en\/wp-json\/wp\/v2\/types\/product"}],"wp:featuredmedia":[{"embeddable":true,"href":"https:\/\/shop.foodtoursstockholm.se\/en\/wp-json\/wp\/v2\/media\/223"}],"wp:attachment":[{"href":"https:\/\/shop.foodtoursstockholm.se\/en\/wp-json\/wp\/v2\/media?parent=72"}],"wp:term":[{"taxonomy":"product_cat","embeddable":true,"href":"https:\/\/shop.foodtoursstockholm.se\/en\/wp-json\/wp\/v2\/product_cat?post=72"},{"taxonomy":"product_tag","embeddable":true,"href":"https:\/\/shop.foodtoursstockholm.se\/en\/wp-json\/wp\/v2\/product_tag?post=72"}],"curies":[{"name":"wp","href":"https:\/\/api.w.org\/{rel}","templated":true}]}}